{"id":81,"date":"2024-07-15T00:26:00","date_gmt":"2024-07-14T22:26:00","guid":{"rendered":"https:\/\/dessert.ba\/?post_type=product&#038;p=81"},"modified":"2025-08-31T11:44:47","modified_gmt":"2025-08-31T09:44:47","slug":"torta-havana","status":"publish","type":"product","link":"https:\/\/dessert.ba\/en\/product\/torta-havana\/","title":{"rendered":"Hvana Cake"},"content":{"rendered":"<p>The images shown are for illustration purposes only and may not be an exact representation of the product.<\/p>\n<p><em>It may contain possible allergens: Nuts, eggs, milk, flour.<\/em><\/p>","protected":false},"excerpt":{"rendered":"<p>Prikazane slike slu\u017ee samo u svrhu ilustracije i ne predstavljaju ta\u010dan prikaz proizvoda. Proizvod mo\u017ee sadr\u017eavati mogu\u0107e alergene: ora\u0161aste plodove, jaja, mlijeko, bra\u0161no.<\/p>","protected":false},"featured_media":111,"template":"","meta":{"inline_featured_image":false},"product_brand":[],"product_cat":[17],"product_tag":[20],"class_list":{"0":"post-81","1":"product","2":"type-product","3":"status-publish","4":"has-post-thumbnail","6":"product_cat-standardne-torte","7":"product_tag-18-slices","9":"first","10":"instock","11":"purchasable","12":"product-type-simple"},"_links":{"self":[{"href":"https:\/\/dessert.ba\/en\/wp-json\/wp\/v2\/product\/81","targetHints":{"allow":["GET"]}}],"collection":[{"href":"https:\/\/dessert.ba\/en\/wp-json\/wp\/v2\/product"}],"about":[{"href":"https:\/\/dessert.ba\/en\/wp-json\/wp\/v2\/types\/product"}],"version-history":[{"count":0,"href":"https:\/\/dessert.ba\/en\/wp-json\/wp\/v2\/product\/81\/revisions"}],"wp:featuredmedia":[{"embeddable":true,"href":"https:\/\/dessert.ba\/en\/wp-json\/wp\/v2\/media\/111"}],"wp:attachment":[{"href":"https:\/\/dessert.ba\/en\/wp-json\/wp\/v2\/media?parent=81"}],"wp:term":[{"taxonomy":"product_brand","embeddable":true,"href":"https:\/\/dessert.ba\/en\/wp-json\/wp\/v2\/product_brand?post=81"},{"taxonomy":"product_cat","embeddable":true,"href":"https:\/\/dessert.ba\/en\/wp-json\/wp\/v2\/product_cat?post=81"},{"taxonomy":"product_tag","embeddable":true,"href":"https:\/\/dessert.ba\/en\/wp-json\/wp\/v2\/product_tag?post=81"}],"curies":[{"name":"wp","href":"https:\/\/api.w.org\/{rel}","templated":true}]}}